{"id":5479,"date":"2023-06-07T20:56:50","date_gmt":"2023-06-08T02:56:50","guid":{"rendered":"https:\/\/krishnabouchan.com\/?post_type=product&#038;p=5479"},"modified":"2023-06-20T14:17:11","modified_gmt":"2023-06-20T20:17:11","slug":"pantalon-zircon","status":"publish","type":"product","link":"https:\/\/krishnabouchan.com\/es\/producto\/pantalon-zircon\/","title":{"rendered":"PANTAL\u00d3N ZIRC\u00d3N"},"content":{"rendered":"<p>Pantal\u00f3n Azul de tiro alto con cierre en costado izquierdo sin pretina, pinzas prolongadas a cadera y 4 botones dorados en la parte frontal.<\/p>\n","protected":false},"excerpt":{"rendered":"<p><a href=\"http:\/\/krishnabouchan.com\/wp-content\/uploads\/2022\/08\/IMG_1091_web.jpg\"><img fetchpriority=\"high\" decoding=\"async\" class=\"alignnone size-medium wp-image-4491\" src=\"http:\/\/krishnabouchan.com\/wp-content\/uploads\/2022\/08\/IMG_1091_web-320x400.jpg\" alt=\"\" width=\"320\" height=\"400\" srcset=\"https:\/\/krishnabouchan.com\/wp-content\/uploads\/2022\/08\/IMG_1091_web-320x400.jpg 320w, https:\/\/krishnabouchan.com\/wp-content\/uploads\/2022\/08\/IMG_1091_web-510x638.jpg 510w, https:\/\/krishnabouchan.com\/wp-content\/uploads\/2022\/08\/IMG_1091_web-640x800.jpg 640w, https:\/\/krishnabouchan.com\/wp-content\/uploads\/2022\/08\/IMG_1091_web-768x960.jpg 768w, https:\/\/krishnabouchan.com\/wp-content\/uploads\/2022\/08\/IMG_1091_web-1229x1536.jpg 1229w, https:\/\/krishnabouchan.com\/wp-content\/uploads\/2022\/08\/IMG_1091_web-10x12.jpg 10w, https:\/\/krishnabouchan.com\/wp-content\/uploads\/2022\/08\/IMG_1091_web-1320x1650.jpg 1320w, https:\/\/krishnabouchan.com\/wp-content\/uploads\/2022\/08\/IMG_1091_web.jpg 1536w\" sizes=\"(max-width: 320px) 100vw, 320px\" \/><\/a><\/p>\n","protected":false},"featured_media":3260,"comment_status":"open","ping_status":"closed","template":"","meta":{"site-sidebar-layout":"default","site-content-layout":"default","ast-global-header-display":"","ast-banner-title-visibility":"","ast-main-header-display":"","ast-hfb-above-header-display":"","ast-hfb-below-header-display":"","ast-hfb-mobile-header-display":"","site-post-title":"","ast-breadcrumbs-content":"","ast-featured-img":"","footer-sml-layout":"","theme-transparent-header-meta":"default","adv-header-id-meta":"","stick-header-meta":"","header-above-stick-meta":"","header-main-stick-meta":"","header-below-stick-meta":""},"product_brand":[],"product_cat":[247,246],"product_tag":[],"class_list":{"0":"post-5479","1":"product","2":"type-product","3":"status-publish","4":"has-post-thumbnail","6":"product_cat-conjuntos","7":"product_cat-pantalon","8":"pa_color-azul-marino","9":"pa_talla-extra-extra-chico","10":"pa_talla-extra-chico","11":"pa_talla-chico","12":"pa_talla-mediano","13":"pa_talla-grande","14":"desktop-align-center","15":"tablet-align-left","16":"mobile-align-left","18":"first","19":"instock","20":"sale","21":"taxable","22":"shipping-taxable","23":"purchasable","24":"product-type-variable"},"_links":{"self":[{"href":"https:\/\/krishnabouchan.com\/es\/wp-json\/wp\/v2\/product\/5479","targetHints":{"allow":["GET"]}}],"collection":[{"href":"https:\/\/krishnabouchan.com\/es\/wp-json\/wp\/v2\/product"}],"about":[{"href":"https:\/\/krishnabouchan.com\/es\/wp-json\/wp\/v2\/types\/product"}],"replies":[{"embeddable":true,"href":"https:\/\/krishnabouchan.com\/es\/wp-json\/wp\/v2\/comments?post=5479"}],"version-history":[{"count":2,"href":"https:\/\/krishnabouchan.com\/es\/wp-json\/wp\/v2\/product\/5479\/revisions"}],"predecessor-version":[{"id":5492,"href":"https:\/\/krishnabouchan.com\/es\/wp-json\/wp\/v2\/product\/5479\/revisions\/5492"}],"wp:featuredmedia":[{"embeddable":true,"href":"https:\/\/krishnabouchan.com\/es\/wp-json\/wp\/v2\/media\/3260"}],"wp:attachment":[{"href":"https:\/\/krishnabouchan.com\/es\/wp-json\/wp\/v2\/media?parent=5479"}],"wp:term":[{"taxonomy":"product_brand","embeddable":true,"href":"https:\/\/krishnabouchan.com\/es\/wp-json\/wp\/v2\/product_brand?post=5479"},{"taxonomy":"product_cat","embeddable":true,"href":"https:\/\/krishnabouchan.com\/es\/wp-json\/wp\/v2\/product_cat?post=5479"},{"taxonomy":"product_tag","embeddable":true,"href":"https:\/\/krishnabouchan.com\/es\/wp-json\/wp\/v2\/product_tag?post=5479"}],"curies":[{"name":"wp","href":"https:\/\/api.w.org\/{rel}","templated":true}]}}