{"id":687,"date":"2017-01-26T07:24:03","date_gmt":"2017-01-26T13:24:03","guid":{"rendered":"https:\/\/eva.temashdesign.me\/fashion\/?page_id=687"},"modified":"2023-06-20T10:36:51","modified_gmt":"2023-06-20T16:36:51","slug":"pagina-inicio","status":"publish","type":"page","link":"https:\/\/krishnabouchan.com\/es\/","title":{"rendered":"INICIO"},"content":{"rendered":"\t\t<div data-elementor-type=\"wp-page\" data-elementor-id=\"687\" class=\"elementor elementor-687\">\n\t\t\t\t<div class=\"elementor-element elementor-element-b663d9b e-con-full e-flex e-con e-parent\" data-id=\"b663d9b\" data-element_type=\"container\" data-e-type=\"container\">\n\t\t\t\t<div class=\"elementor-element elementor-element-95af0f7 elementor-widget__width-initial elementor-widget elementor-widget-image\" data-id=\"95af0f7\" data-element_type=\"widget\" data-e-type=\"widget\" data-widget_type=\"image.default\">\n\t\t\t\t<div class=\"elementor-widget-container\">\n\t\t\t\t\t\t\t\t\t\t\t\t\t\t\t<img fetchpriority=\"high\" decoding=\"async\" width=\"1319\" height=\"549\" src=\"https:\/\/krishnabouchan.com\/wp-content\/uploads\/2023\/06\/cropped-cropped-IMG_1159-1-scaled-2.jpg\" class=\"attachment-full size-full wp-image-5813\" alt=\"\" srcset=\"https:\/\/krishnabouchan.com\/wp-content\/uploads\/2023\/06\/cropped-cropped-IMG_1159-1-scaled-2.jpg 1319w, https:\/\/krishnabouchan.com\/wp-content\/uploads\/2023\/06\/cropped-cropped-IMG_1159-1-scaled-2-510x212.jpg 510w, https:\/\/krishnabouchan.com\/wp-content\/uploads\/2023\/06\/cropped-cropped-IMG_1159-1-scaled-2-800x333.jpg 800w, https:\/\/krishnabouchan.com\/wp-content\/uploads\/2023\/06\/cropped-cropped-IMG_1159-1-scaled-2-768x320.jpg 768w, https:\/\/krishnabouchan.com\/wp-content\/uploads\/2023\/06\/cropped-cropped-IMG_1159-1-scaled-2-300x125.jpg 300w, https:\/\/krishnabouchan.com\/wp-content\/uploads\/2023\/06\/cropped-cropped-IMG_1159-1-scaled-2-850x354.jpg 850w\" sizes=\"(max-width: 1319px) 100vw, 1319px\" \/>\t\t\t\t\t\t\t\t\t\t\t\t\t\t\t<\/div>\n\t\t\t\t<\/div>\n\t\t\t\t<\/div>\n\t\t<div class=\"elementor-element elementor-element-03c7173 e-con-full e-flex e-con e-parent\" data-id=\"03c7173\" data-element_type=\"container\" data-e-type=\"container\">\n\t\t<div class=\"elementor-element elementor-element-548aee8 e-con-full e-flex e-con e-parent\" data-id=\"548aee8\" data-element_type=\"container\" data-e-type=\"container\">\n\t\t\t\t<div class=\"elementor-element elementor-element-c20e6c4 elementor-widget elementor-widget-text-editor\" data-id=\"c20e6c4\" data-element_type=\"widget\" data-e-type=\"widget\" data-widget_type=\"text-editor.default\">\n\t\t\t\t<div class=\"elementor-widget-container\">\n\t\t\t\t\t\t\t\t\t<h2><strong><span style=\"vertical-align: inherit;\"><span style=\"vertical-align: inherit;\"><span style=\"vertical-align: inherit;\"><span style=\"vertical-align: inherit;\"><span style=\"vertical-align: inherit;\"><span style=\"vertical-align: inherit;\"><span style=\"vertical-align: inherit;\"><span style=\"vertical-align: inherit;\"><span style=\"vertical-align: inherit;\"><span style=\"vertical-align: inherit;\">Krishna Bouchan es una marca que dicta calidad y estilo en cada dise\u00f1o.\u00a0<\/span><\/span><\/span><\/span><\/span><\/span><\/span><\/span><\/span><\/span><\/strong><\/h2>\t\t\t\t\t\t\t\t<\/div>\n\t\t\t\t<\/div>\n\t\t\t\t<div class=\"elementor-element elementor-element-a674f24 elementor-widget elementor-widget-text-editor\" data-id=\"a674f24\" data-element_type=\"widget\" data-e-type=\"widget\" data-widget_type=\"text-editor.default\">\n\t\t\t\t<div class=\"elementor-widget-container\">\n\t\t\t\t\t\t\t\t\t<h5 style=\"margin-bottom: 0.5rem; line-height: 1.2;\"><span style=\"font-size: 19.2px; font-weight: 500;\"><span style=\"vertical-align: inherit;\"><span style=\"vertical-align: inherit;\">Somos una empresa mexicana fundada en 2021, que contribuye a la econom\u00eda del pa\u00eds comprando el 90% de materia prima dentro de la rep\u00fablica.<\/span><\/span><\/span><\/h5><div><span style=\"font-size: 19.2px; font-weight: 500;\">\u00a0<\/span><\/div><h5 style=\"margin-bottom: 0.5rem; line-height: 1.2;\"><span style=\"font-size: 19.2px; font-weight: 500;\"><span style=\"vertical-align: inherit;\"><span style=\"vertical-align: inherit;\">Creamos colecciones Pret-\u00e1- porter y dise\u00f1os a medida, utilizando materiales de alta calidad; <\/span><span style=\"vertical-align: inherit;\">dirigida a mujeres independientes que no siguen tendencias, sino que buscan resaltar su personalidad con piezas de vestir \u00fanicas con un estilo cl\u00e1sico-chic.<\/span><\/span><\/span><\/h5>\t\t\t\t\t\t\t\t<\/div>\n\t\t\t\t<\/div>\n\t\t\t\t<div class=\"elementor-element elementor-element-f600b57 elementor-widget elementor-widget-text-editor\" data-id=\"f600b57\" data-element_type=\"widget\" data-e-type=\"widget\" data-widget_type=\"text-editor.default\">\n\t\t\t\t<div class=\"elementor-widget-container\">\n\t\t\t\t\t\t\t\t\t<div style=\"box-sizing: border-box; color: #5a1a03; font-family: Montserrat, sans-serif; font-size: 16px; font-style: normal; font-variant-ligatures: normal; font-variant-caps: normal; font-weight: 300; letter-spacing: normal; orphans: 2; text-align: justify; text-indent: 0px; text-transform: none; widows: 2; word-spacing: 0px; -webkit-text-stroke-width: 0px; white-space: normal; background-color: #eee0dd; text-decoration-thickness: initial; text-decoration-style: initial; text-decoration-color: initial;\">&nbsp;<\/div>\n<h5 style=\"margin-bottom: 0.5rem; line-height: 1.2;\"><span style=\"font-size: 19.2px; font-weight: 500;\"><span style=\"vertical-align: inherit;\"><span style=\"vertical-align: inherit;\">Uno de nuestros principales objetivos es ofrecer un servicio y dise\u00f1os con la calidad que te mereces, por ello es que manejamos un est\u00e1ndar de calidad desde la compra con nuestros proveedores, hasta la distribuci\u00f3n de cada dise\u00f1o.&nbsp;<\/span><\/span><\/span><\/h5><div><span style=\"font-size: 19.2px; font-weight: 500;\"><span style=\"vertical-align: inherit;\"><span style=\"vertical-align: inherit;\"><br><\/span><\/span><\/span><\/div>\n<h5 style=\"margin-bottom: 0.5rem; line-height: 1.2;\"><span style=\"font-size: 19.2px; font-weight: 500;\"><span style=\"vertical-align: inherit;\"><span style=\"vertical-align: inherit;\">Buscam0s que cada persona que porte un modelo Krishna Bouchan se sienta identificado con el estilo y la esencia de nuestra marca, que es una esencia vanguardista y novedosa que recopila las necesidades actuales del mercado transform\u00e1ndolas en piezas ic\u00f3nicas, c\u00f3modas y lujosas.&nbsp;<\/span><\/span><\/span><\/h5><div><span style=\"font-size: 19.2px; font-weight: 500;\"><span style=\"vertical-align: inherit;\"><span style=\"vertical-align: inherit;\"><br><\/span><\/span><\/span><\/div>\n<h5 style=\"margin-bottom: 0.5rem; line-height: 1.2;\"><span style=\"font-size: 19.2px; font-weight: 500;\"><span style=\"vertical-align: inherit;\"><span style=\"vertical-align: inherit;\">Y porque es nuestra prioridad tu experiencia de compra, contamos con nuestro Atelier- Show Room, donde, con cita previa, nos ponemos a tu disposici\u00f3n para ofrecerte un trato exclusivo con nuestros asesores de moda.<\/span><\/span><\/span><\/h5>\t\t\t\t\t\t\t\t<\/div>\n\t\t\t\t<\/div>\n\t\t\t\t<\/div>\n\t\t\t\t<\/div>\n\t\t<div class=\"elementor-element elementor-element-5d38f3a e-con-full e-flex e-con e-parent\" data-id=\"5d38f3a\" data-element_type=\"container\" data-e-type=\"container\">\n\t\t\t\t<div class=\"elementor-element elementor-element-d085e6b elementor-widget__width-initial elementor-widget elementor-widget-video\" data-id=\"d085e6b\" data-element_type=\"widget\" data-e-type=\"widget\" data-settings=\"{&quot;youtube_url&quot;:&quot;https:\\\/\\\/youtu.be\\\/7E8A01FgUx0&quot;,&quot;video_type&quot;:&quot;youtube&quot;}\" data-widget_type=\"video.default\">\n\t\t\t\t<div class=\"elementor-widget-container\">\n\t\t\t\t\t\t\t<div class=\"elementor-wrapper elementor-open-inline\">\n\t\t\t<div class=\"elementor-video\"><\/div>\t\t<\/div>\n\t\t\t\t\t\t<\/div>\n\t\t\t\t<\/div>\n\t\t\t\t<\/div>\n\t\t\t\t<\/div>\n\t\t","protected":false},"excerpt":{"rendered":"<p>Krishna Bouchan es una marca que dicta calidad y estilo en cada dise\u00f1o.\u00a0 Somos una empresa mexicana fundada en 2021, que contribuye a la econom\u00eda del pa\u00eds comprando el 90% de materia prima dentro de la rep\u00fablica. \u00a0 Creamos colecciones Pret-\u00e1- porter y dise\u00f1os a medida, utilizando materiales de alta calidad; dirigida a mujeres independientes &hellip;<\/p>\n<p class=\"read-more\"> <a class=\"\" href=\"https:\/\/krishnabouchan.com\/es\/\"> <span class=\"screen-reader-text\">INICIO<\/span> Leer m\u00e1s &raquo;<\/a><\/p>\n","protected":false},"author":2,"featured_media":0,"parent":0,"menu_order":0,"comment_status":"closed","ping_status":"closed","template":"","meta":{"site-sidebar-layout":"no-sidebar","site-content-layout":"plain-container","ast-global-header-display":"","ast-banner-title-visibility":"","ast-main-header-display":"","ast-hfb-above-header-display":"","ast-hfb-below-header-display":"","ast-hfb-mobile-header-display":"","site-post-title":"disabled","ast-breadcrumbs-content":"","ast-featured-img":"disabled","footer-sml-layout":"","theme-transparent-header-meta":"","adv-header-id-meta":"","stick-header-meta":"","header-above-stick-meta":"","header-main-stick-meta":"","header-below-stick-meta":"","footnotes":""},"class_list":["post-687","page","type-page","status-publish","hentry"],"_links":{"self":[{"href":"https:\/\/krishnabouchan.com\/es\/wp-json\/wp\/v2\/pages\/687","targetHints":{"allow":["GET"]}}],"collection":[{"href":"https:\/\/krishnabouchan.com\/es\/wp-json\/wp\/v2\/pages"}],"about":[{"href":"https:\/\/krishnabouchan.com\/es\/wp-json\/wp\/v2\/types\/page"}],"author":[{"embeddable":true,"href":"https:\/\/krishnabouchan.com\/es\/wp-json\/wp\/v2\/users\/2"}],"replies":[{"embeddable":true,"href":"https:\/\/krishnabouchan.com\/es\/wp-json\/wp\/v2\/comments?post=687"}],"version-history":[{"count":39,"href":"https:\/\/krishnabouchan.com\/es\/wp-json\/wp\/v2\/pages\/687\/revisions"}],"predecessor-version":[{"id":5899,"href":"https:\/\/krishnabouchan.com\/es\/wp-json\/wp\/v2\/pages\/687\/revisions\/5899"}],"wp:attachment":[{"href":"https:\/\/krishnabouchan.com\/es\/wp-json\/wp\/v2\/media?parent=687"}],"curies":[{"name":"wp","href":"https:\/\/api.w.org\/{rel}","templated":true}]}}