{"id":4885,"date":"2023-05-02T17:23:36","date_gmt":"2023-05-02T23:23:36","guid":{"rendered":"https:\/\/krishnabouchan.com\/?page_id=4885"},"modified":"2023-06-20T10:47:28","modified_gmt":"2023-06-20T16:47:28","slug":"quien-soy","status":"publish","type":"page","link":"https:\/\/krishnabouchan.com\/es\/quien-soy\/","title":{"rendered":"\u00bfQUI\u00c9N SOY?"},"content":{"rendered":"\t\t<div data-elementor-type=\"wp-page\" data-elementor-id=\"4885\" class=\"elementor elementor-4885\">\n\t\t\t\t<div class=\"elementor-element elementor-element-696bace e-con-full e-flex e-con e-parent\" data-id=\"696bace\" data-element_type=\"container\" data-e-type=\"container\">\n\t\t\t\t<div class=\"elementor-element elementor-element-50c0da1 elementor-widget__width-initial elementor-widget elementor-widget-image-carousel\" data-id=\"50c0da1\" data-element_type=\"widget\" data-e-type=\"widget\" data-settings=\"{&quot;slides_to_show&quot;:&quot;1&quot;,&quot;navigation&quot;:&quot;none&quot;,&quot;autoplay&quot;:&quot;yes&quot;,&quot;pause_on_hover&quot;:&quot;yes&quot;,&quot;pause_on_interaction&quot;:&quot;yes&quot;,&quot;autoplay_speed&quot;:5000,&quot;infinite&quot;:&quot;yes&quot;,&quot;effect&quot;:&quot;slide&quot;,&quot;speed&quot;:500}\" data-widget_type=\"image-carousel.default\">\n\t\t\t\t<div class=\"elementor-widget-container\">\n\t\t\t\t\t\t\t<div class=\"elementor-image-carousel-wrapper swiper\" role=\"region\" aria-roledescription=\"carousel\" aria-label=\"Carrusel de Im\u00e1genes\" dir=\"ltr\">\n\t\t\t<div class=\"elementor-image-carousel swiper-wrapper\" aria-live=\"off\">\n\t\t\t\t\t\t\t\t<div class=\"swiper-slide\" role=\"group\" aria-roledescription=\"slide\" aria-label=\"1 de 1\"><figure class=\"swiper-slide-inner\"><img decoding=\"async\" class=\"swiper-slide-image\" src=\"https:\/\/krishnabouchan.com\/wp-content\/uploads\/2023\/04\/cropped-IMG_1042-Editada-scaled-2.jpg\" alt=\"IMG_1042 Editada\" \/><\/figure><\/div>\t\t\t<\/div>\n\t\t\t\t\t<\/div>\n\t\t\t\t\t\t<\/div>\n\t\t\t\t<\/div>\n\t\t\t\t<div class=\"elementor-element elementor-element-5dd687d elementor-widget elementor-widget-text-editor\" data-id=\"5dd687d\" data-element_type=\"widget\" data-e-type=\"widget\" data-widget_type=\"text-editor.default\">\n\t\t\t\t<div class=\"elementor-widget-container\">\n\t\t\t\t\t\t\t\t\t<h2>KRISHNA BOUCHAN.<\/h2>\t\t\t\t\t\t\t\t<\/div>\n\t\t\t\t<\/div>\n\t\t\t\t<div class=\"elementor-element elementor-element-66e9240 elementor-widget elementor-widget-text-editor\" data-id=\"66e9240\" data-element_type=\"widget\" data-e-type=\"widget\" data-widget_type=\"text-editor.default\">\n\t\t\t\t<div class=\"elementor-widget-container\">\n\t\t\t\t\t\t\t\t\t<p><span style=\"vertical-align: inherit;\"><span style=\"vertical-align: inherit;\">Empresaria y Emprendedora Mexicana. <\/span><\/span><br><span style=\"vertical-align: inherit;\"><span style=\"vertical-align: inherit;\">Fundadora y Directora General de KRISHNA BOUCHAN.<\/span><\/span><\/p>\n<p><span style=\"vertical-align: inherit;\"><span style=\"vertical-align: inherit;\">&nbsp;<\/span><\/span><\/p>\n<p><span style=\"vertical-align: inherit;\"><span style=\"vertical-align: inherit;\">Gracias a su esp\u00edritu emprendedor lanzo su propia marca en 2021 c on colecciones Pret-\u00e1- porter y dise\u00f1os a medida, a partir de la dignificaci\u00f3n del trabajo de las mujeres; <\/span><span style=\"vertical-align: inherit;\">usando materiales de alta calidad, sus dise\u00f1os se dirigen a mujeres independientes que no siguen tendencias, sino que buscan resaltar su personalidad con piezas de vestir \u00fanicas con un estilo cl\u00e1sico-chic.<\/span><\/span><\/p>\n<p><span style=\"vertical-align: inherit;\"><span style=\"vertical-align: inherit;\">&nbsp;<\/span><\/span><\/p>\n<p><span style=\"vertical-align: inherit;\"><span style=\"vertical-align: inherit;\">Todo el equipo de KRISHNA BOUCHAN estamos conscientes de que la calidad es lo primero, por lo cual comprometidos con dar lo mejor a nuestras clientas.<\/span><\/span><\/p>\n<p><span style=\"vertical-align: inherit;\"><span style=\"vertical-align: inherit;\">&nbsp;<\/span><\/span><\/p>\n<p><b>Visi\u00f3n de la marca:<\/b><\/p><p><b><br><\/b>Nuestro prop\u00f3sito es vestir a mujeres autenticas, con la mejor calidad en dise\u00f1os exclusivos.<\/p>\n<p>Somos una empresa Mexicana que contribuye a la econom\u00eda del pa\u00eds comprando el 90% de materia prima dentro de la rep\u00fablica.<\/p>\n<p><\/p>\n<p>Nuestro modelo de negocio fue creado bajo la idea de que el buen vestir nace de la elegancia de los detalles y acabados, por ello nuestra misi\u00f3n es brindar la mejor calidad en cada pieza elaborada finamente desde su proceso de dise\u00f1o, producci\u00f3n y distribuci\u00f3n.<\/p>\n<p><\/p>\n<p>Tambi\u00e9n estamos enfocados en familiarizarnos mas con los gustos y las tendencias actuales, aunque si bien la esencia de KRISHNA BOUCHAN no es seguir modas, creo que el estilo es una prenda que habla por si misma.<\/p>\n<p><span style=\"vertical-align: inherit;\"><span style=\"vertical-align: inherit;\">Uno de nuestros materiales cl\u00e1sicos de cada colecci\u00f3n es la lycra y otros textiles que contengan stretch ya que brindar\u00e1n una mejor comodidad y libertad al cuerpo. <\/span><\/span><br><span style=\"vertical-align: inherit;\"><span style=\"vertical-align: inherit;\">Tambi\u00e9n contamos con una amplia variedad de estampados, colores en distintos dise\u00f1os.<\/span><\/span><\/p>\n<p><span style=\"vertical-align: inherit;\"><span style=\"vertical-align: inherit;\">&nbsp;<\/span><\/span><\/p>\n<p><span style=\"vertical-align: inherit;\"><span style=\"vertical-align: inherit;\">Nuestros dise\u00f1os y servicios son exclusivos, es por ello que contamos con nuestro show room, donde podr\u00e1 medir cualquier prenda y obtener un servicio m\u00e1s exclusivo.<\/span><\/span><\/p>\t\t\t\t\t\t\t\t<\/div>\n\t\t\t\t<\/div>\n\t\t\t\t<\/div>\n\t\t\t\t<\/div>\n\t\t","protected":false},"excerpt":{"rendered":"<p>KRISHNA BOUCHAN. Empresaria y Emprendedora Mexicana. Fundadora y Directora General de KRISHNA BOUCHAN. &nbsp; Gracias a su esp\u00edritu emprendedor lanzo su propia marca en 2021 c on colecciones Pret-\u00e1- porter y dise\u00f1os a medida, a partir de la dignificaci\u00f3n del trabajo de las mujeres; usando materiales de alta calidad, sus dise\u00f1os se dirigen a mujeres &hellip;<\/p>\n<p class=\"read-more\"> <a class=\"\" href=\"https:\/\/krishnabouchan.com\/es\/quien-soy\/\"> <span class=\"screen-reader-text\">\u00bfQUI\u00c9N SOY?<\/span> Leer m\u00e1s &raquo;<\/a><\/p>\n","protected":false},"author":2,"featured_media":0,"parent":0,"menu_order":0,"comment_status":"closed","ping_status":"closed","template":"","meta":{"site-sidebar-layout":"default","site-content-layout":"default","ast-global-header-display":"","ast-banner-title-visibility":"","ast-main-header-display":"","ast-hfb-above-header-display":"","ast-hfb-below-header-display":"","ast-hfb-mobile-header-display":"","site-post-title":"","ast-breadcrumbs-content":"","ast-featured-img":"","footer-sml-layout":"","theme-transparent-header-meta":"","adv-header-id-meta":"","stick-header-meta":"","header-above-stick-meta":"","header-main-stick-meta":"","header-below-stick-meta":"","footnotes":""},"class_list":["post-4885","page","type-page","status-publish","hentry"],"_links":{"self":[{"href":"https:\/\/krishnabouchan.com\/es\/wp-json\/wp\/v2\/pages\/4885","targetHints":{"allow":["GET"]}}],"collection":[{"href":"https:\/\/krishnabouchan.com\/es\/wp-json\/wp\/v2\/pages"}],"about":[{"href":"https:\/\/krishnabouchan.com\/es\/wp-json\/wp\/v2\/types\/page"}],"author":[{"embeddable":true,"href":"https:\/\/krishnabouchan.com\/es\/wp-json\/wp\/v2\/users\/2"}],"replies":[{"embeddable":true,"href":"https:\/\/krishnabouchan.com\/es\/wp-json\/wp\/v2\/comments?post=4885"}],"version-history":[{"count":94,"href":"https:\/\/krishnabouchan.com\/es\/wp-json\/wp\/v2\/pages\/4885\/revisions"}],"predecessor-version":[{"id":5903,"href":"https:\/\/krishnabouchan.com\/es\/wp-json\/wp\/v2\/pages\/4885\/revisions\/5903"}],"wp:attachment":[{"href":"https:\/\/krishnabouchan.com\/es\/wp-json\/wp\/v2\/media?parent=4885"}],"curies":[{"name":"wp","href":"https:\/\/api.w.org\/{rel}","templated":true}]}}