{"id":1649,"date":"2023-05-29T17:12:17","date_gmt":"2023-05-29T23:12:17","guid":{"rendered":"https:\/\/eva.temashdesign.me\/fashionmport\/?page_id=1649"},"modified":"2023-06-21T12:06:23","modified_gmt":"2023-06-21T18:06:23","slug":"refund_returns","status":"publish","type":"page","link":"https:\/\/krishnabouchan.com\/es\/refund_returns\/","title":{"rendered":"Politica de reembolso"},"content":{"rendered":"\t\t<div data-elementor-type=\"wp-page\" data-elementor-id=\"1649\" class=\"elementor elementor-1649\">\n\t\t\t\t\t\t<section class=\"elementor-section elementor-top-section elementor-element elementor-element-3961ed5c elementor-section-boxed elementor-section-height-default elementor-section-height-default\" data-id=\"3961ed5c\" data-element_type=\"section\" data-e-type=\"section\">\n\t\t\t\t\t\t<div class=\"elementor-container elementor-column-gap-default\">\n\t\t\t\t\t<div class=\"elementor-column elementor-col-100 elementor-top-column elementor-element elementor-element-4a643e16\" data-id=\"4a643e16\" data-element_type=\"column\" data-e-type=\"column\">\n\t\t\t<div class=\"elementor-widget-wrap elementor-element-populated\">\n\t\t\t\t\t\t<div class=\"elementor-element elementor-element-8034b8e elementor-widget elementor-widget-text-editor\" data-id=\"8034b8e\" data-element_type=\"widget\" data-e-type=\"widget\" data-widget_type=\"text-editor.default\">\n\t\t\t\t<div class=\"elementor-widget-container\">\n\t\t\t\t\t\t\t\t\t<p><span style=\"vertical-align: inherit;\"><span style=\"vertical-align: inherit;\">El usuario podr\u00e1 realizar el pedido a trav\u00e9s de la p\u00e1gina de internet Atelier Krishna Bouchan, se\u00f1alando el producto en su talla, color, y las unidades deseadas, y se a\u00f1ade al carrito de compra. <\/span><\/span><br><span style=\"vertical-align: inherit;\"><span style=\"vertical-align: inherit;\">Si est\u00e1 conforme, finaliz\u00f3 el pedido y en ese momento le solicitar\u00e1n sus datos de env\u00edo el costo y forma de pago.<\/span><\/span><\/p>\n<p><span style=\"vertical-align: inherit;\"><span style=\"vertical-align: inherit;\">Se da por entendido que al hacer el pedido, se aceptan los precios, las caracter\u00edsticas de los productos y las condiciones de venta.<\/span><\/span><\/p>\n<p><span style=\"vertical-align: inherit;\"><span style=\"vertical-align: inherit;\">Se ha realizado un esfuerzo por mostrar los colores de las prendas de la forma m\u00e1s cercana a la realidad, sin embargo el color de las prendas que aparecen en pantalla puede estar sujeto a variaciones dependiendo de la pantalla o dispositivo. <\/span><span style=\"vertical-align: inherit;\">Por lo que no podemos garantizar que se ajuste estrictamente a la realidad.<\/span><\/span><\/p>\n<h5><strong><span style=\"vertical-align: inherit;\"><span style=\"vertical-align: inherit;\">Formas de pago<\/span><\/span><\/strong><\/h5>\n<p><span style=\"vertical-align: inherit;\"><span style=\"vertical-align: inherit;\">Aceptamos los siguientes m\u00e9todos de pago: <\/span><\/span><br><span style=\"vertical-align: inherit;\"><span style=\"vertical-align: inherit;\">Tarjetas de cr\u00e9dito \/ D\u00e9bito (Visa, Mastercard) <\/span><\/span><br><span style=\"vertical-align: inherit;\"><span style=\"vertical-align: inherit;\">Paypal<\/span><\/span><\/p>\n<h5><strong><span style=\"vertical-align: inherit;\"><span style=\"vertical-align: inherit;\">Cambios, Devoluciones y Cancelaciones<\/span><\/span><\/strong><\/h5>\n<p><span style=\"vertical-align: inherit;\"><span style=\"vertical-align: inherit;\">Para poder solicitar un cambio de talla, los productos deber\u00e1n estar en las mismas condiciones como fueron entregados, sin da\u00f1os o da\u00f1os alguno, con su etiqueta y en su embalaje original. <\/span><span style=\"vertical-align: inherit;\">De ser as\u00ed, dar aviso dentro de los 5 d\u00edas de haberlo recibido, al correo requerido su n\u00famero de pedido, y el motivo de la devoluci\u00f3n y le responder\u00e1n dentro de las 48 horas.<\/span><\/span><\/p>\n<h5><strong><span style=\"vertical-align: inherit;\"><span style=\"vertical-align: inherit;\">Restricciones en Cambios o Devoluci\u00f3n<\/span><\/span><\/strong><\/h5>\n<h5><strong><span style=\"vertical-align: inherit;\"><span style=\"vertical-align: inherit;\">Pol\u00edtica de Devoluci\u00f3n<\/span><\/span><\/strong><\/h5>\n<p><span style=\"vertical-align: inherit;\"><span style=\"vertical-align: inherit;\">En caso de ser devuelto por cambio de talla los costos de enviado corren por cuenta del cliente,<\/span><\/span><\/p>\t\t\t\t\t\t\t\t<\/div>\n\t\t\t\t<\/div>\n\t\t\t\t\t<\/div>\n\t\t<\/div>\n\t\t\t\t\t<\/div>\n\t\t<\/section>\n\t\t\t\t<\/div>\n\t\t","protected":false},"excerpt":{"rendered":"<p>El usuario podr\u00e1 realizar el pedido a trav\u00e9s de la p\u00e1gina de internet Atelier Krishna Bouchan, se\u00f1alando el producto en su talla, color, y las unidades deseadas, y se a\u00f1ade al carrito de compra. Si est\u00e1 conforme, finaliz\u00f3 el pedido y en ese momento le solicitar\u00e1n sus datos de env\u00edo el costo y forma de &hellip;<\/p>\n<p class=\"read-more\"> <a class=\"\" href=\"https:\/\/krishnabouchan.com\/es\/refund_returns\/\"> <span class=\"screen-reader-text\">Politica de reembolso<\/span> Leer m\u00e1s &raquo;<\/a><\/p>\n","protected":false},"author":2,"featured_media":0,"parent":0,"menu_order":0,"comment_status":"closed","ping_status":"closed","template":"","meta":{"site-sidebar-layout":"default","site-content-layout":"default","ast-global-header-display":"","ast-banner-title-visibility":"","ast-main-header-display":"","ast-hfb-above-header-display":"","ast-hfb-below-header-display":"","ast-hfb-mobile-header-display":"","site-post-title":"","ast-breadcrumbs-content":"","ast-featured-img":"","footer-sml-layout":"","theme-transparent-header-meta":"","adv-header-id-meta":"","stick-header-meta":"","header-above-stick-meta":"","header-main-stick-meta":"","header-below-stick-meta":"","footnotes":""},"class_list":["post-1649","page","type-page","status-publish","hentry"],"_links":{"self":[{"href":"https:\/\/krishnabouchan.com\/es\/wp-json\/wp\/v2\/pages\/1649","targetHints":{"allow":["GET"]}}],"collection":[{"href":"https:\/\/krishnabouchan.com\/es\/wp-json\/wp\/v2\/pages"}],"about":[{"href":"https:\/\/krishnabouchan.com\/es\/wp-json\/wp\/v2\/types\/page"}],"author":[{"embeddable":true,"href":"https:\/\/krishnabouchan.com\/es\/wp-json\/wp\/v2\/users\/2"}],"replies":[{"embeddable":true,"href":"https:\/\/krishnabouchan.com\/es\/wp-json\/wp\/v2\/comments?post=1649"}],"version-history":[{"count":8,"href":"https:\/\/krishnabouchan.com\/es\/wp-json\/wp\/v2\/pages\/1649\/revisions"}],"predecessor-version":[{"id":5929,"href":"https:\/\/krishnabouchan.com\/es\/wp-json\/wp\/v2\/pages\/1649\/revisions\/5929"}],"wp:attachment":[{"href":"https:\/\/krishnabouchan.com\/es\/wp-json\/wp\/v2\/media?parent=1649"}],"curies":[{"name":"wp","href":"https:\/\/api.w.org\/{rel}","templated":true}]}}